{"id":2,"date":"2017-12-04T11:55:40","date_gmt":"2017-12-04T11:55:40","guid":{"rendered":"http:\/\/imentia.com\/blog\/?page_id=2"},"modified":"2020-10-08T10:39:11","modified_gmt":"2020-10-08T09:39:11","slug":"imentia-family","status":"publish","type":"page","link":"https:\/\/www.imentia.com\/blog\/imentia-family\/","title":{"rendered":"Imentia Family"},"content":{"rendered":"\n<div class=\"wp-block-image is-style-default\"><figure class=\"alignleft size-large\"><img src=\"https:\/\/www.imentia.com\/blog\/wp-content\/uploads\/2017\/12\/logo-imentia-cabecera.jpg\" alt=\"Imentia Family, alzheimer, p\u00e9rdida de memoria, frenar alzheimer.\" class=\"wp-image-7\"\/><\/figure><\/div>\n\n\n\n<h2>Imentia Family es una app para personas con Alzheimer.<\/h2>\n\n\n\n<p>La aplicaci\u00f3n m\u00f3vil\u00a0<strong>Imentia Family<\/strong>\u00a0est\u00e1 desarrollada para personas que deseen ejercitar la estimulaci\u00f3n cognitiva desde cualquier lugar sin necesidad de conectarse a internet. Y sin estar familiarizados con los avances tecnol\u00f3gicos. Es una aplicaci\u00f3n f\u00e1cil de usar y con muchos beneficios para mejorar la p\u00e9rdida de memoria y funciones cognitivas. Con determinados ejercicios para trabajar aquellas \u00e1reas que puedan estar afectados por alguna enfermedad, tales como el Alzheimer o por el paso de los a\u00f1os. Imentia Family frena el proceso de deterioro y mejora su calidad de vida y la de su familia. Adem\u00e1s aun sin necesidad de padecer p\u00e9rdida de memoria o Alzheimer cualquier persona puede mejorar o reforzar su funcionamiento.<\/p>\n\n\n\n<p>Con esta propuesta interesante el usuario a trav\u00e9s de sencillos test de juegos, ejercicios y sesiones de estimulaci\u00f3n individual autom\u00e1ticamente puede mejorar su capacidad cognitiva como el lenguaje, memoria, atenci\u00f3n, concentraci\u00f3n, orientaci\u00f3n, entre otros y ver los avances alcanzados aumentando su motivaci\u00f3n. Este concepto ofrece la capacidad de dise\u00f1ar las sesiones de acuerdo con las necesidades personales autom\u00e1ticamente, as\u00ed como tambi\u00e9n el nivel de dificultad y el tiempo de cada sesi\u00f3n<\/p>\n\n\n\n<figure class=\"wp-block-image size-large is-style-default\"><img loading=\"lazy\" width=\"679\" height=\"411\" src=\"https:\/\/www.imentia.com\/blog\/wp-content\/uploads\/2018\/04\/carlota-benet-pap\u00e1-alzheimer.jpg\" alt=\"carlota-benet-pap\u00e1-alzheimer\n\" class=\"wp-image-394\" srcset=\"https:\/\/www.imentia.com\/blog\/wp-content\/uploads\/2018\/04\/carlota-benet-pap\u00e1-alzheimer.jpg 679w, https:\/\/www.imentia.com\/blog\/wp-content\/uploads\/2018\/04\/carlota-benet-pap\u00e1-alzheimer-300x182.jpg 300w, https:\/\/www.imentia.com\/blog\/wp-content\/uploads\/2018\/04\/carlota-benet-pap\u00e1-alzheimer-624x378.jpg 624w\" sizes=\"(max-width: 679px) 100vw, 679px\" \/><figcaption>Carlota-Benet-pap\u00e1-alzheimer<\/figcaption><\/figure>\n\n\n\n<p><strong>VENTAJAS FRENTE A OTRAS HERAMIENTAS PARECIDAS<\/strong><\/p>\n\n\n\n<h5>Alarma de un posible deterioro cognitivo<\/h5>\n\n\n\n<p>El test ENM.dem est\u00e1 formado por 7 subpruebas las cuales sirven como pruebas de cribado.<\/p>\n\n\n\n<p>Dicho test ha sido informatizado por la prestigiosa empresa inform\u00e1tica <a href=\"https:\/\/www.ticsmart.com\/\">Ticsmart <\/a>en  la app <a href=\"https:\/\/www.imentia.com\/\">Imentia<\/a>, de tal manera que, cualquier persona sin conocimientos previos en psicolog\u00eda puede pas\u00e1rselo a un familiar dandole la alarma un posible deterioro cognitivo y aconsej\u00e1ndole que vaya a un m\u00e9dico especialista.<\/p>\n\n\n\n<h5>Variedad de ejercicios<\/h5>\n\n\n\n<p>Imentia cuenta con 24 tipos de ejercicios diferentes, cada uno de estos ejercicios trabajara las 10 \u00e1reas neurocognitivas en los 6 niveles. La introducci\u00f3n de ejercicios y nuevas actualizaciones va a ser contantes, comprometi\u00e9ndonos a que vaya creciendo de manera exponencial con el tiempo.<\/p>\n\n\n\n<h5>Trabajo sin conexi\u00f3n<\/h5>\n\n\n\n<p>Sabemos que la mayor\u00eda de nuestros pacientes no tienen conexi\u00f3n a internet en sus hogares y aun teni\u00e9ndola en algunas zonas la conexi\u00f3n no es de calidad, por ello, con el compromiso de realizar una herramienta adaptada a nuestros usuarios finales desarrollamos una herramienta en la que no necesario tener conexi\u00f3n a internet durante las sesiones de trabajo (evidentemente si lo es para su descarga y actualizaciones).<\/p>\n\n\n\n<p><strong>F\u00e1cil uso<\/strong><br>Queremos incidir, que el manejo de la app Imentia Family est\u00e1 adaptada, para que la usen:<\/p>\n\n\n\n<ul><li>Personas mayores<\/li><li>Personas con Alzheimer o perdida de memoria leve.<\/li><li>Persona que no est\u00e9n familiarizadas con las nuevas tecnolog\u00edas.<\/li><\/ul>\n","protected":false},"excerpt":{"rendered":"<p>Imentia Family es una app para personas con Alzheimer. La aplicaci\u00f3n m\u00f3vil\u00a0Imentia Family\u00a0est\u00e1 desarrollada para personas que deseen ejercitar la estimulaci\u00f3n cognitiva desde cualquier lugar sin necesidad de conectarse a internet. Y sin estar familiarizados con los avances tecnol\u00f3gicos. Es una aplicaci\u00f3n f\u00e1cil de usar y con muchos beneficios para mejorar la p\u00e9rdida de memoria [&hellip;]<\/p>\n","protected":false},"author":1,"featured_media":0,"parent":0,"menu_order":0,"comment_status":"closed","ping_status":"open","template":"","meta":[],"_links":{"self":[{"href":"https:\/\/www.imentia.com\/blog\/wp-json\/wp\/v2\/pages\/2"}],"collection":[{"href":"https:\/\/www.imentia.com\/blog\/wp-json\/wp\/v2\/pages"}],"about":[{"href":"https:\/\/www.imentia.com\/blog\/wp-json\/wp\/v2\/types\/page"}],"author":[{"embeddable":true,"href":"https:\/\/www.imentia.com\/blog\/wp-json\/wp\/v2\/users\/1"}],"replies":[{"embeddable":true,"href":"https:\/\/www.imentia.com\/blog\/wp-json\/wp\/v2\/comments?post=2"}],"version-history":[{"count":17,"href":"https:\/\/www.imentia.com\/blog\/wp-json\/wp\/v2\/pages\/2\/revisions"}],"predecessor-version":[{"id":1322,"href":"https:\/\/www.imentia.com\/blog\/wp-json\/wp\/v2\/pages\/2\/revisions\/1322"}],"wp:attachment":[{"href":"https:\/\/www.imentia.com\/blog\/wp-json\/wp\/v2\/media?parent=2"}],"curies":[{"name":"wp","href":"https:\/\/api.w.org\/{rel}","templated":true}]}}