{"id":1291,"date":"2020-10-08T08:38:20","date_gmt":"2020-10-08T07:38:20","guid":{"rendered":"http:\/\/www.imentia.com\/blog\/?page_id=1291"},"modified":"2020-10-08T11:25:23","modified_gmt":"2020-10-08T10:25:23","slug":"imentia-pro","status":"publish","type":"page","link":"https:\/\/www.imentia.com\/blog\/imentia-pro\/","title":{"rendered":"Imentia Pro"},"content":{"rendered":"\n<div class=\"wp-block-image is-style-default\"><figure class=\"alignleft size-large\"><img src=\"https:\/\/www.imentia.com\/blog\/wp-content\/uploads\/2017\/12\/logo-imentia-cabecera.jpg\" alt=\"Imentia pro, deterioro cognitivo, app estimulaci\u00f3n cognitiva, alzheimer\" class=\"wp-image-7\"\/><\/figure><\/div>\n\n\n\n<h2>Imentia Pro es una App profesional de estimulaci\u00f3n cognitiva para profesionales.<\/h2>\n\n\n\n<p><a href=\"http:\/\/www.imentia.com\/\"><strong>Imentia PROfessiona<\/strong>l<\/a>\u00a0es una aplicaci\u00f3n m\u00f3vil de estimulaci\u00f3n cognitiva destinada a centros especializados y profesionales terap\u00e9uticos. Esta es una aplicaci\u00f3n que tiene como objetivo integrar a diferentes profesionales en este \u00e1mbito, con la nueva tecnolog\u00eda<strong>\u00a0App<a href=\"http:\/\/www.imentia.com\/\">\u00a0Imentia PRO<\/a><\/strong>. Brind\u00e1ndole un sistema de terapia innovadora y permitiendo al profesional realizar la valoraci\u00f3n global del paciente. Almacenando a trav\u00e9s de su base de datos toda la informaci\u00f3n necesaria para el control y evoluci\u00f3n de sus usuarios. Ahorrando tiempo al profesional, ya que esta aplicaci\u00f3n genera autom\u00e1ticamente y de manera pr\u00e1ctica sesiones cognitivas en 10 \u00e1reas de trabajo con seis niveles de dificultad. As\u00ed como los informes de resultados. Entre otras ventajas esta aplicaci\u00f3n m\u00f3vil dispone de varias herramientas sencillas de trabajo sin conexi\u00f3n a internet, adem\u00e1s de la atenci\u00f3n telef\u00f3nica de apoyo personalizada a sus usuarios cuando lo necesite.<\/p>\n\n\n\n<figure class=\"wp-block-image size-large is-style-default\"><img loading=\"lazy\" width=\"300\" height=\"169\" src=\"https:\/\/www.imentia.com\/blog\/wp-content\/uploads\/2018\/08\/fundacion-alzheimer-espa\u00f1a.png\" alt=\"fundacion-alzheimer-espa\u00f1a\" class=\"wp-image-875\"\/><figcaption>fundacion-alzheimer-espa\u00f1a<\/figcaption><\/figure>\n\n\n\n<p><strong>VENTAJAS FRENTE A OTRAS HERAMIENTAS PARECIDAS<\/strong><\/p>\n\n\n\n<h5>Alarma de un posible deterioro cognitivo<\/h5>\n\n\n\n<p>Como hemos explicado con anterioridad, el test ENM.dem est\u00e1 formado por 7 subpruebas las cuales sirven como pruebas de cribado.<\/p>\n\n\n\n<p>Dicho test se ha informatizado en imentia, de tal manera que, cualquier persona sin conocimientos previos en psicolog\u00eda puede pas\u00e1rselo a un familiar dandole la alarma un posible deterioro cognitivo y aconsej\u00e1ndole que vaya a un m\u00e9dico especialista.<\/p>\n\n\n\n<h5>Recogida de datos completa<\/h5>\n\n\n\n<p>Al tener una informaci\u00f3n completa de nuestros pacientes (datos sociales, familiares, nutricionales, m\u00e9dicos&#8230;incluso fotograf\u00edas, forma que le guste que le hablen), los profesionales podr\u00e1n ser sustituidos por otro de un d\u00eda para otro sin necesidad de que el paciente lo note en la calidad de la sesi\u00f3n.<\/p>\n\n\n\n<h5>Estad\u00edsticas de inter\u00e9s cient\u00edfico<\/h5>\n\n\n\n<p>Como hemos comentado en el apartado anterior la recogida de datos es muy completa, eso nos ayudar\u00e1 a sacar todo tipo de estad\u00edsticas de inter\u00e9s: profesionales, m\u00e9dicos, farmaceuticas&#8230;<\/p>\n\n\n\n<h5>Variedad de ejercicios<\/h5>\n\n\n\n<p>Imentia cuenta con 24 tipos de ejercicios diferentes, cada uno de estos ejercicios trabajara las 10 \u00e1reas neurocognitivas en los 6 niveles. La introducci\u00f3n de ejercicios y nuevas actualizaciones va a ser contantes, comprometi\u00e9ndonos a que vaya creciendo de manera exponencial con el tiempo.<\/p>\n\n\n\n<h5>Trabajo sin conexi\u00f3n<\/h5>\n\n\n\n<p>La app imentia va destinada a dos tipos de usuarios:<\/p>\n\n\n\n<p>Sabemos que la mayor\u00eda de nuestros pacientes no tienen conexi\u00f3n a internet en sus hogares y aun teni\u00e9ndola en algunas zonas la conexi\u00f3n no es de calidad, por ello, con el compromiso de realizar una herramienta adaptada a nuestros usuarios finales desarrollamos una herramienta en la que no necesario tener conexi\u00f3n a internet durante las sesiones de trabajo (evidentemente si lo es para su descarga y actualizaciones).<\/p>\n\n\n\n<p><strong>F\u00e1cil uso<\/strong><br>Queremos incidir, que la usabilidad de la app imentia est\u00e1 adaptada, para que la use:<\/p>\n\n\n\n<ul><li>Personas mayores<\/li><li>Personas con deterioro cognitivo leve<\/li><li>Persona que no est\u00e9n familiarizadas con las nuevas tecnolog\u00edas. Sesiones de estimulaci\u00f3n cognitiva m\u00e1s atractivas Nuestro equipo lleva trabajando con tablet varios a\u00f1os, d\u00e1ndonos cuenta de que a nuestros pacientes les resulta m\u00e1s atractivo trabajar con estos dispositivos que con fichas, atrayendo de manera constante su atenci\u00f3n y las ganas de interactuar.<\/li><\/ul>\n","protected":false},"excerpt":{"rendered":"<p>Imentia Pro es una App profesional de estimulaci\u00f3n cognitiva para profesionales. Imentia PROfessional\u00a0es una aplicaci\u00f3n m\u00f3vil de estimulaci\u00f3n cognitiva destinada a centros especializados y profesionales terap\u00e9uticos. Esta es una aplicaci\u00f3n que tiene como objetivo integrar a diferentes profesionales en este \u00e1mbito, con la nueva tecnolog\u00eda\u00a0App\u00a0Imentia PRO. Brind\u00e1ndole un sistema de terapia innovadora y permitiendo al [&hellip;]<\/p>\n","protected":false},"author":1,"featured_media":0,"parent":0,"menu_order":0,"comment_status":"closed","ping_status":"closed","template":"","meta":[],"_links":{"self":[{"href":"https:\/\/www.imentia.com\/blog\/wp-json\/wp\/v2\/pages\/1291"}],"collection":[{"href":"https:\/\/www.imentia.com\/blog\/wp-json\/wp\/v2\/pages"}],"about":[{"href":"https:\/\/www.imentia.com\/blog\/wp-json\/wp\/v2\/types\/page"}],"author":[{"embeddable":true,"href":"https:\/\/www.imentia.com\/blog\/wp-json\/wp\/v2\/users\/1"}],"replies":[{"embeddable":true,"href":"https:\/\/www.imentia.com\/blog\/wp-json\/wp\/v2\/comments?post=1291"}],"version-history":[{"count":7,"href":"https:\/\/www.imentia.com\/blog\/wp-json\/wp\/v2\/pages\/1291\/revisions"}],"predecessor-version":[{"id":1326,"href":"https:\/\/www.imentia.com\/blog\/wp-json\/wp\/v2\/pages\/1291\/revisions\/1326"}],"wp:attachment":[{"href":"https:\/\/www.imentia.com\/blog\/wp-json\/wp\/v2\/media?parent=1291"}],"curies":[{"name":"wp","href":"https:\/\/api.w.org\/{rel}","templated":true}]}}